{"id":980,"date":"2019-08-20T04:55:01","date_gmt":"2019-08-20T04:55:01","guid":{"rendered":"https:\/\/www.aspirarecruitment.cz\/?page_id=980"},"modified":"2026-02-16T14:26:53","modified_gmt":"2026-02-16T13:26:53","slug":"contact","status":"publish","type":"page","link":"https:\/\/www.aspirarecruitment.cz\/en\/contact\/","title":{"rendered":"Contact"},"content":{"rendered":"<p>[et_pb_section fb_built=&#8221;1&#8243; fullwidth=&#8221;on&#8221; _builder_version=&#8221;4.16&#8243; _module_preset=&#8221;default&#8221; global_colors_info=&#8221;{}&#8221;][et_pb_fullwidth_header title=&#8221;Contact&#8221; header_image_url=&#8221;https:\/\/www.aspirarecruitment.cz\/wp-content\/uploads\/Aspira-25.jpg&#8221; _builder_version=&#8221;4.27.4&#8243; _module_preset=&#8221;default&#8221; border_radii_image=&#8221;on|48px|48px|48px|48px&#8221; global_colors_info=&#8221;{}&#8221;]<strong>Lucie Dujardin-Bazier<br \/>\n<\/strong>Executive director of Aspira<\/p>\n<p>&nbsp;<\/p>\n<p><a href=\"tel:+420773153519\">+420&nbsp;773&nbsp;153&nbsp;519<\/a><br \/>\n<a href=\"mailto:lucie.dujardin@aspirarecruitment.cz\">lucie.dujardin@aspirarecruitment.cz<\/a><\/p>\n<p>&nbsp;<\/p>\n<p><a href=\"https:\/\/www.linkedin.com\/in\/luciedujardin\/\" target=\"_blank\" rel=\"noopener\"><span class=\"et-pb-icon\" style=\"font-size: 24px; color: #d93364;\">\ue0cb<\/span><\/a>[\/et_pb_fullwidth_header][\/et_pb_section][et_pb_section fb_built=&#8221;1&#8243; _builder_version=&#8221;4.16&#8243; global_colors_info=&#8221;{}&#8221;][et_pb_row column_structure=&#8221;1_3,1_3,1_3&#8243; _builder_version=&#8221;4.25.1&#8243; locked=&#8221;off&#8221; global_colors_info=&#8221;{}&#8221;][et_pb_column type=&#8221;1_3&#8243; _builder_version=&#8221;4.16&#8243; global_colors_info=&#8221;{}&#8221;][et_pb_text _builder_version=&#8221;4.26.0&#8243; _module_preset=&#8221;default&#8221; text_font_size=&#8221;18px&#8221; text_line_height=&#8221;1.9em&#8221; global_colors_info=&#8221;{}&#8221;]<\/p>\n<p><strong>Aspira Recruitment s.r.o.<br \/><\/strong>Horusick\u00e1 166\/3<br \/>198&nbsp;00 Praha 9<br \/>Czech Republic<\/p>\n<p>I\u010c: 24160351<br \/>DI\u010c: CZ24160351<\/p>\n<p>Phone.: <a href=\"tel:+420773153519\">+420&nbsp;773&nbsp;153&nbsp;519<\/a><br \/>Email: <a href=\"mailto:info@aspirarecruitment.cz\">info@aspirarecruitment.cz<\/a><br \/>Web: <a href=\"https:\/\/www.aspirarecruitment.cz\/en\/\">www.aspirarecruitment.cz<\/a><\/p>\n<p>[\/et_pb_text][\/et_pb_column][et_pb_column type=&#8221;1_3&#8243; _builder_version=&#8221;4.25.1&#8243; global_colors_info=&#8221;{}&#8221;][et_pb_blurb title=&#8221;Ing. Martina Podobsk\u00e1 (Kr\u010dilov\u00e1)&#8221; image=&#8221;https:\/\/www.aspirarecruitment.cz\/wp-content\/uploads\/Aspira-36.jpg&#8221; _builder_version=&#8221;4.27.0&#8243; _module_preset=&#8221;default&#8221; header_font_size=&#8221;16px&#8221; body_font_size=&#8221;15px&#8221; border_radii_image=&#8221;on|24px|24px|24px|24px&#8221; global_colors_info=&#8221;{}&#8221;]<\/p>\n<p>Senior Recruiter<br \/><a href=\"mailto:martina.podobska@aspirarecruitment.cz\">martina.podobska@aspirarecruitment.cz<\/a><br \/><a href=\"tel:+420607635428\">+420&nbsp;607&nbsp;635&nbsp;428<\/a><\/p>\n<p>[\/et_pb_blurb][\/et_pb_column][et_pb_column type=&#8221;1_3&#8243; _builder_version=&#8221;4.16&#8243; global_colors_info=&#8221;{}&#8221;][et_pb_blurb title=&#8221;Helena Navr\u00e1tilov\u00e1&#8221; image=&#8221;https:\/\/www.aspirarecruitment.cz\/wp-content\/uploads\/Aspira-49.jpg&#8221; _builder_version=&#8221;4.25.1&#8243; _module_preset=&#8221;default&#8221; header_font_size=&#8221;16px&#8221; body_font_size=&#8221;15px&#8221; border_radii_image=&#8221;on|24px|24px|24px|24px&#8221; global_colors_info=&#8221;{}&#8221;]Recruiter<br \/>\n<a href=\"mailto:helena.navratilova@aspirarecruitment.cz\">helena.navratilova@aspirarecruitment.cz<\/a><br \/>\n<a href=\"tel:+420774416217\">+420&nbsp;774&nbsp;416&nbsp;217<\/a>[\/et_pb_blurb][\/et_pb_column][\/et_pb_row][\/et_pb_section][et_pb_section fb_built=&#8221;1&#8243; admin_label=&#8221;DIVI Kontaktn\u00ed formul\u00e1\u0159&#8221; _builder_version=&#8221;4.16&#8243; background_color=&#8221;#6EC8AB&#8221; background_enable_color=&#8221;off&#8221; use_background_color_gradient=&#8221;on&#8221; background_color_gradient_stops=&#8221;#6ec8ab 0%|#6ec8ab 100%&#8221; background_color_gradient_start=&#8221;rgba(218,53,101,0.2)&#8221; background_color_gradient_end=&#8221;rgba(218,53,101,0.2)&#8221; background_color_gradient_stops_tablet=&#8221;rgba(218,53,101,0.2) 0%|rgba(218,53,101,0.2) 100%&#8221; background_color_gradient_stops_phone=&#8221;rgba(218,53,101,0.2) 0%|rgba(218,53,101,0.2) 100%&#8221; global_module=&#8221;119&#8243; saved_tabs=&#8221;all&#8221; locked=&#8221;off&#8221; global_colors_info=&#8221;{}&#8221;][et_pb_row _builder_version=&#8221;4.16&#8243; global_colors_info=&#8221;{}&#8221;][et_pb_column type=&#8221;4_4&#8243; _builder_version=&#8221;4.16&#8243; global_colors_info=&#8221;{}&#8221;][et_pb_text _builder_version=&#8221;4.16&#8243; text_font=&#8221;|||on|||||&#8221; text_orientation=&#8221;center&#8221; background_layout=&#8221;dark&#8221; text_text_align=&#8221;center&#8221; global_colors_info=&#8221;{}&#8221;]<\/p>\n<h2><span data-tt=\"{&quot;paragraphStyle&quot;:{&quot;alignment&quot;:4,&quot;writingDirection&quot;:1}}\">Contact us<\/span><\/h2>\n<p>[\/et_pb_text][et_pb_contact_form email=&#8221;lucie.dujardin-bazier@aspirarecruitment.cz&#8221; custom_message=&#8221;Name: %%Name%%||et_pb_line_break_holder||Email: %%Email%%||et_pb_line_break_holder||Message: %%Message%%||et_pb_line_break_holder||Agreement: %%GDPR%%&#8221; submit_button_text=&#8221;Submit&#8221; _builder_version=&#8221;4.27.5&#8243; _unique_id=&#8221;d18e753f-4329-4b29-91ea-6663e4f32bd1&#8243; form_field_text_color=&#8221;#000000&#8243; form_field_font_size=&#8221;16px&#8221; button_text_color=&#8221;#ffffff&#8221; button_bg_color=&#8221;#D93364&#8243; button_border_color=&#8221;#D93364&#8243; hover_enabled=&#8221;0&#8243; global_colors_info=&#8221;{}&#8221; use_admin_email_submitter_email=&#8221;on&#8221; sticky_enabled=&#8221;0&#8243;][et_pb_contact_field field_id=&#8221;Name&#8221; field_title=&#8221;Name&#8221; _builder_version=&#8221;4.16&#8243; global_colors_info=&#8221;{}&#8221; button_text_size__hover_enabled=&#8221;off&#8221; button_one_text_size__hover_enabled=&#8221;off&#8221; button_two_text_size__hover_enabled=&#8221;off&#8221; button_text_color__hover_enabled=&#8221;off&#8221; button_one_text_color__hover_enabled=&#8221;off&#8221; button_two_text_color__hover_enabled=&#8221;off&#8221; button_border_width__hover_enabled=&#8221;off&#8221; button_one_border_width__hover_enabled=&#8221;off&#8221; button_two_border_width__hover_enabled=&#8221;off&#8221; button_border_color__hover_enabled=&#8221;off&#8221; button_one_border_color__hover_enabled=&#8221;off&#8221; button_two_border_color__hover_enabled=&#8221;off&#8221; button_border_radius__hover_enabled=&#8221;off&#8221; button_one_border_radius__hover_enabled=&#8221;off&#8221; button_two_border_radius__hover_enabled=&#8221;off&#8221; button_letter_spacing__hover_enabled=&#8221;off&#8221; button_one_letter_spacing__hover_enabled=&#8221;off&#8221; button_two_letter_spacing__hover_enabled=&#8221;off&#8221; button_bg_color__hover_enabled=&#8221;off&#8221; button_one_bg_color__hover_enabled=&#8221;off&#8221; button_two_bg_color__hover_enabled=&#8221;off&#8221;][\/et_pb_contact_field][et_pb_contact_field field_id=&#8221;Email&#8221; field_title=&#8221;Email&#8221; field_type=&#8221;email&#8221; _builder_version=&#8221;4.16&#8243; global_colors_info=&#8221;{}&#8221; button_text_size__hover_enabled=&#8221;off&#8221; button_one_text_size__hover_enabled=&#8221;off&#8221; button_two_text_size__hover_enabled=&#8221;off&#8221; button_text_color__hover_enabled=&#8221;off&#8221; button_one_text_color__hover_enabled=&#8221;off&#8221; button_two_text_color__hover_enabled=&#8221;off&#8221; button_border_width__hover_enabled=&#8221;off&#8221; button_one_border_width__hover_enabled=&#8221;off&#8221; button_two_border_width__hover_enabled=&#8221;off&#8221; button_border_color__hover_enabled=&#8221;off&#8221; button_one_border_color__hover_enabled=&#8221;off&#8221; button_two_border_color__hover_enabled=&#8221;off&#8221; button_border_radius__hover_enabled=&#8221;off&#8221; button_one_border_radius__hover_enabled=&#8221;off&#8221; button_two_border_radius__hover_enabled=&#8221;off&#8221; button_letter_spacing__hover_enabled=&#8221;off&#8221; button_one_letter_spacing__hover_enabled=&#8221;off&#8221; button_two_letter_spacing__hover_enabled=&#8221;off&#8221; button_bg_color__hover_enabled=&#8221;off&#8221; button_one_bg_color__hover_enabled=&#8221;off&#8221; button_two_bg_color__hover_enabled=&#8221;off&#8221;][\/et_pb_contact_field][et_pb_contact_field field_id=&#8221;Message&#8221; field_title=&#8221;Message&#8221; field_type=&#8221;text&#8221; fullwidth_field=&#8221;on&#8221; _builder_version=&#8221;4.16&#8243; global_colors_info=&#8221;{}&#8221; button_text_size__hover_enabled=&#8221;off&#8221; button_one_text_size__hover_enabled=&#8221;off&#8221; button_two_text_size__hover_enabled=&#8221;off&#8221; button_text_color__hover_enabled=&#8221;off&#8221; button_one_text_color__hover_enabled=&#8221;off&#8221; button_two_text_color__hover_enabled=&#8221;off&#8221; button_border_width__hover_enabled=&#8221;off&#8221; button_one_border_width__hover_enabled=&#8221;off&#8221; button_two_border_width__hover_enabled=&#8221;off&#8221; button_border_color__hover_enabled=&#8221;off&#8221; button_one_border_color__hover_enabled=&#8221;off&#8221; button_two_border_color__hover_enabled=&#8221;off&#8221; button_border_radius__hover_enabled=&#8221;off&#8221; button_one_border_radius__hover_enabled=&#8221;off&#8221; button_two_border_radius__hover_enabled=&#8221;off&#8221; button_letter_spacing__hover_enabled=&#8221;off&#8221; button_one_letter_spacing__hover_enabled=&#8221;off&#8221; button_two_letter_spacing__hover_enabled=&#8221;off&#8221; button_bg_color__hover_enabled=&#8221;off&#8221; button_one_bg_color__hover_enabled=&#8221;off&#8221; button_two_bg_color__hover_enabled=&#8221;off&#8221;][\/et_pb_contact_field][et_pb_contact_field field_id=&#8221;GDPR&#8221; field_title=&#8221;Agreement&#8221; field_type=&#8221;checkbox&#8221; checkbox_options=&#8221;%91{%22value%22:%22Consent to the processing of personal data. More information %22,%22checked%22:0,%22dragID%22:-1,%22link_url%22:%22\/en\/data-privacy\/%22,%22link_text%22:%22here.%22}%93&#8243; fullwidth_field=&#8221;on&#8221; _builder_version=&#8221;4.16&#8243; global_colors_info=&#8221;{}&#8221;][\/et_pb_contact_field][\/et_pb_contact_form][\/et_pb_column][\/et_pb_row][\/et_pb_section]<\/p>\n","protected":false},"excerpt":{"rendered":"<p>Lucie Dujardin-Bazier Executive director of Aspira &nbsp; +420&nbsp;773&nbsp;153&nbsp;519 lucie.dujardin@aspirarecruitment.cz &nbsp; \ue0cbAspira Recruitment s.r.o.Horusick\u00e1 166\/3198&nbsp;00 Praha 9Czech Republic I\u010c: 24160351DI\u010c: CZ24160351 Phone.: +420&nbsp;773&nbsp;153&nbsp;519Email: info@aspirarecruitment.czWeb: www.aspirarecruitment.czSenior Recruitermartina.podobska@aspirarecruitment.cz+420&nbsp;607&nbsp;635&nbsp;428Recruiter helena.navratilova@aspirarecruitment.cz +420&nbsp;774&nbsp;416&nbsp;217Contact us<\/p>\n","protected":false},"author":1,"featured_media":0,"parent":0,"menu_order":0,"comment_status":"closed","ping_status":"closed","template":"","meta":{"_et_pb_use_builder":"on","_et_pb_old_content":"","_et_gb_content_width":"","footnotes":""},"dipi_cpt_category":[],"class_list":["post-980","page","type-page","status-publish","hentry"],"_links":{"self":[{"href":"https:\/\/www.aspirarecruitment.cz\/en\/wp-json\/wp\/v2\/pages\/980","targetHints":{"allow":["GET"]}}],"collection":[{"href":"https:\/\/www.aspirarecruitment.cz\/en\/wp-json\/wp\/v2\/pages"}],"about":[{"href":"https:\/\/www.aspirarecruitment.cz\/en\/wp-json\/wp\/v2\/types\/page"}],"author":[{"embeddable":true,"href":"https:\/\/www.aspirarecruitment.cz\/en\/wp-json\/wp\/v2\/users\/1"}],"replies":[{"embeddable":true,"href":"https:\/\/www.aspirarecruitment.cz\/en\/wp-json\/wp\/v2\/comments?post=980"}],"version-history":[{"count":15,"href":"https:\/\/www.aspirarecruitment.cz\/en\/wp-json\/wp\/v2\/pages\/980\/revisions"}],"predecessor-version":[{"id":8620,"href":"https:\/\/www.aspirarecruitment.cz\/en\/wp-json\/wp\/v2\/pages\/980\/revisions\/8620"}],"wp:attachment":[{"href":"https:\/\/www.aspirarecruitment.cz\/en\/wp-json\/wp\/v2\/media?parent=980"}],"wp:term":[{"taxonomy":"dipi_cpt_category","embeddable":true,"href":"https:\/\/www.aspirarecruitment.cz\/en\/wp-json\/wp\/v2\/dipi_cpt_category?post=980"}],"curies":[{"name":"wp","href":"https:\/\/api.w.org\/{rel}","templated":true}]}}