{"id":982,"date":"2019-10-04T13:47:07","date_gmt":"2019-10-04T11:47:07","guid":{"rendered":"https:\/\/www.aspirarecruitment.cz\/?page_id=982"},"modified":"2024-05-17T11:42:46","modified_gmt":"2024-05-17T09:42:46","slug":"data-privacy","status":"publish","type":"page","link":"https:\/\/www.aspirarecruitment.cz\/en\/data-privacy\/","title":{"rendered":"Data privacy"},"content":{"rendered":"<p>[et_pb_section fb_built=&#8221;1&#8243; fullwidth=&#8221;on&#8221; _builder_version=&#8221;4.16&#8243; _module_preset=&#8221;default&#8221; locked=&#8221;off&#8221; global_colors_info=&#8221;{}&#8221;][et_pb_fullwidth_header title=&#8221;Privacy policy&#8221; header_image_url=&#8221;https:\/\/www.aspirarecruitment.cz\/wp-content\/uploads\/Aspira-26.jpg&#8221; _builder_version=&#8221;4.25.1&#8243; _module_preset=&#8221;default&#8221; hover_enabled=&#8221;0&#8243; border_radii_image=&#8221;on|48px|48px|48px|48px&#8221; global_colors_info=&#8221;{}&#8221; title_text=&#8221;Aspira recruitment&#8221; sticky_enabled=&#8221;0&#8243;][\/et_pb_fullwidth_header][\/et_pb_section][et_pb_section fb_built=&#8221;1&#8243; _builder_version=&#8221;4.16&#8243; global_colors_info=&#8221;{}&#8221;][et_pb_row _builder_version=&#8221;4.16&#8243; global_colors_info=&#8221;{}&#8221;][et_pb_column type=&#8221;4_4&#8243; _builder_version=&#8221;4.16&#8243; global_colors_info=&#8221;{}&#8221;][et_pb_text _builder_version=&#8221;4.16&#8243; text_font=&#8221;|||on|||||&#8221; text_orientation=&#8221;center&#8221; text_text_align=&#8221;center&#8221; global_colors_info=&#8221;{}&#8221;]<\/p>\n<h2>Basic information<\/h2>\n<p>[\/et_pb_text][et_pb_divider color=&#8221;#da3565&#8243; divider_weight=&#8221;3px&#8221; _builder_version=&#8221;4.16&#8243; width=&#8221;15%&#8221; module_alignment=&#8221;center&#8221; saved_tabs=&#8221;all&#8221; global_colors_info=&#8221;{}&#8221;][\/et_pb_divider][et_pb_text _builder_version=&#8221;4.16&#8243; text_orientation=&#8221;justified&#8221; global_colors_info=&#8221;{}&#8221;]<\/p>\n<p>Aspira Recruitment s.r.o., I\u010cO: 241&nbsp;603&nbsp;51, with its registered office at Univerzitni 684\/8, Praha 10, 108&nbsp;00, is the administrator of your personal data. The fact that we are personal data controllers means that we adhere to the principles of personal data processing and that we treat your personal data solely in accordance with applicable law, in particular Regulation of the European Parliament and of the Council (EU) 2016\/679 of 27 April 2018 (General Data Protection Regulation), we decide on the purpose and means of processing your personal data and ensure that your personal data is properly secured. We protect your personal data using most modern technology and continuously evaluate and update our procedures to protect your personal data.<\/p>\n<p>Candidates applying for employment through ASPIRA Recruitment agree to the processing of personal data. The processing of personal data is regulated by Act No. 101\/2000 Coll., about the protection of personal data and Regulation of the European Parliament and of the Council (EU) 2016\/679 (GDPR). Consent is granted to Aspira Recruitment s. r. o. for the purpose of providing recruitment services for a&nbsp;period of 3 years from the date of submission of personal data. Candidates acknowledge that consent is voluntary and can be withdrawn at any time.<\/p>\n<p>[\/et_pb_text][\/et_pb_column][\/et_pb_row][\/et_pb_section][et_pb_section fb_built=&#8221;1&#8243; admin_label=&#8221;DIVI Kontaktn\u00ed formul\u00e1\u0159&#8221; _builder_version=&#8221;4.14.9&#8243; background_color=&#8221;#6EC8AB&#8221; global_module=&#8221;1083&#8243; saved_tabs=&#8221;all&#8221; global_colors_info=&#8221;{}&#8221;][et_pb_row _builder_version=&#8221;4.16&#8243; global_colors_info=&#8221;{}&#8221;][et_pb_column type=&#8221;4_4&#8243; _builder_version=&#8221;4.16&#8243; global_colors_info=&#8221;{}&#8221;][et_pb_text _builder_version=&#8221;4.16&#8243; text_font=&#8221;|||on|||||&#8221; text_orientation=&#8221;center&#8221; background_layout=&#8221;dark&#8221; text_text_align=&#8221;center&#8221; global_colors_info=&#8221;{}&#8221;]<\/p>\n<h2><span data-tt=\"{&quot;paragraphStyle&quot;:{&quot;alignment&quot;:4,&quot;writingDirection&quot;:1}}\">Contact us<\/span><\/h2>\n<p>[\/et_pb_text][et_pb_contact_form email=&#8221;lucie.dujardin-bazier@aspirarecruitment.cz&#8221; custom_message=&#8221;Name: %%name%%||et_pb_line_break_holder||Email: %%email%%||et_pb_line_break_holder||Message: %%message%%||et_pb_line_break_holder||Agreement: %%gdpr%%&#8221; submit_button_text=&#8221;Submit&#8221; _builder_version=&#8221;4.16&#8243; _unique_id=&#8221;d18e753f-4329-4b29-91ea-6663e4f32bd1&#8243; form_field_text_color=&#8221;#000000&#8243; form_field_font_size=&#8221;16px&#8221; button_text_color=&#8221;#ffffff&#8221; global_colors_info=&#8221;{}&#8221;][et_pb_contact_field field_id=&#8221;Name&#8221; field_title=&#8221;Name&#8221; _builder_version=&#8221;4.16&#8243; global_colors_info=&#8221;{}&#8221; button_text_size__hover_enabled=&#8221;off&#8221; button_one_text_size__hover_enabled=&#8221;off&#8221; button_two_text_size__hover_enabled=&#8221;off&#8221; button_text_color__hover_enabled=&#8221;off&#8221; button_one_text_color__hover_enabled=&#8221;off&#8221; button_two_text_color__hover_enabled=&#8221;off&#8221; button_border_width__hover_enabled=&#8221;off&#8221; button_one_border_width__hover_enabled=&#8221;off&#8221; button_two_border_width__hover_enabled=&#8221;off&#8221; button_border_color__hover_enabled=&#8221;off&#8221; button_one_border_color__hover_enabled=&#8221;off&#8221; button_two_border_color__hover_enabled=&#8221;off&#8221; button_border_radius__hover_enabled=&#8221;off&#8221; button_one_border_radius__hover_enabled=&#8221;off&#8221; button_two_border_radius__hover_enabled=&#8221;off&#8221; button_letter_spacing__hover_enabled=&#8221;off&#8221; button_one_letter_spacing__hover_enabled=&#8221;off&#8221; button_two_letter_spacing__hover_enabled=&#8221;off&#8221; button_bg_color__hover_enabled=&#8221;off&#8221; button_one_bg_color__hover_enabled=&#8221;off&#8221; button_two_bg_color__hover_enabled=&#8221;off&#8221;][\/et_pb_contact_field][et_pb_contact_field field_id=&#8221;Email&#8221; field_title=&#8221;Email&#8221; field_type=&#8221;email&#8221; _builder_version=&#8221;4.16&#8243; global_colors_info=&#8221;{}&#8221; button_text_size__hover_enabled=&#8221;off&#8221; button_one_text_size__hover_enabled=&#8221;off&#8221; button_two_text_size__hover_enabled=&#8221;off&#8221; button_text_color__hover_enabled=&#8221;off&#8221; button_one_text_color__hover_enabled=&#8221;off&#8221; button_two_text_color__hover_enabled=&#8221;off&#8221; button_border_width__hover_enabled=&#8221;off&#8221; button_one_border_width__hover_enabled=&#8221;off&#8221; button_two_border_width__hover_enabled=&#8221;off&#8221; button_border_color__hover_enabled=&#8221;off&#8221; button_one_border_color__hover_enabled=&#8221;off&#8221; button_two_border_color__hover_enabled=&#8221;off&#8221; button_border_radius__hover_enabled=&#8221;off&#8221; button_one_border_radius__hover_enabled=&#8221;off&#8221; button_two_border_radius__hover_enabled=&#8221;off&#8221; button_letter_spacing__hover_enabled=&#8221;off&#8221; button_one_letter_spacing__hover_enabled=&#8221;off&#8221; button_two_letter_spacing__hover_enabled=&#8221;off&#8221; button_bg_color__hover_enabled=&#8221;off&#8221; button_one_bg_color__hover_enabled=&#8221;off&#8221; button_two_bg_color__hover_enabled=&#8221;off&#8221;][\/et_pb_contact_field][et_pb_contact_field field_id=&#8221;Message&#8221; field_title=&#8221;Message&#8221; field_type=&#8221;text&#8221; fullwidth_field=&#8221;on&#8221; _builder_version=&#8221;4.16&#8243; global_colors_info=&#8221;{}&#8221; button_text_size__hover_enabled=&#8221;off&#8221; button_one_text_size__hover_enabled=&#8221;off&#8221; button_two_text_size__hover_enabled=&#8221;off&#8221; button_text_color__hover_enabled=&#8221;off&#8221; button_one_text_color__hover_enabled=&#8221;off&#8221; button_two_text_color__hover_enabled=&#8221;off&#8221; button_border_width__hover_enabled=&#8221;off&#8221; button_one_border_width__hover_enabled=&#8221;off&#8221; button_two_border_width__hover_enabled=&#8221;off&#8221; button_border_color__hover_enabled=&#8221;off&#8221; button_one_border_color__hover_enabled=&#8221;off&#8221; button_two_border_color__hover_enabled=&#8221;off&#8221; button_border_radius__hover_enabled=&#8221;off&#8221; button_one_border_radius__hover_enabled=&#8221;off&#8221; button_two_border_radius__hover_enabled=&#8221;off&#8221; button_letter_spacing__hover_enabled=&#8221;off&#8221; button_one_letter_spacing__hover_enabled=&#8221;off&#8221; button_two_letter_spacing__hover_enabled=&#8221;off&#8221; button_bg_color__hover_enabled=&#8221;off&#8221; button_one_bg_color__hover_enabled=&#8221;off&#8221; button_two_bg_color__hover_enabled=&#8221;off&#8221;][\/et_pb_contact_field][et_pb_contact_field field_id=&#8221;GDPR&#8221; field_title=&#8221;Agreement&#8221; field_type=&#8221;checkbox&#8221; checkbox_options=&#8221;%91{%22value%22:%22Consent to the processing of personal data. More information %22,%22checked%22:0,%22dragID%22:-1,%22link_url%22:%22\/en\/data-privacy\/%22,%22link_text%22:%22here.%22}%93&#8243; fullwidth_field=&#8221;on&#8221; _builder_version=&#8221;4.16&#8243; global_colors_info=&#8221;{}&#8221;][\/et_pb_contact_field][\/et_pb_contact_form][\/et_pb_column][\/et_pb_row][\/et_pb_section]<\/p>\n","protected":false},"excerpt":{"rendered":"<p>Basic informationAspira Recruitment s.r.o., I\u010cO: 241&nbsp;603&nbsp;51, with its registered office at Univerzitni 684\/8, Praha 10, 108&nbsp;00, is the administrator of your personal data. The fact that we are personal data controllers means that we adhere to the principles of personal data processing and that we treat your personal data solely in accordance [&hellip;]<\/p>\n","protected":false},"author":1,"featured_media":0,"parent":0,"menu_order":0,"comment_status":"closed","ping_status":"closed","template":"","meta":{"_et_pb_use_builder":"on","_et_pb_old_content":"","_et_gb_content_width":"","footnotes":""},"dipi_cpt_category":[],"class_list":["post-982","page","type-page","status-publish","hentry"],"_links":{"self":[{"href":"https:\/\/www.aspirarecruitment.cz\/en\/wp-json\/wp\/v2\/pages\/982","targetHints":{"allow":["GET"]}}],"collection":[{"href":"https:\/\/www.aspirarecruitment.cz\/en\/wp-json\/wp\/v2\/pages"}],"about":[{"href":"https:\/\/www.aspirarecruitment.cz\/en\/wp-json\/wp\/v2\/types\/page"}],"author":[{"embeddable":true,"href":"https:\/\/www.aspirarecruitment.cz\/en\/wp-json\/wp\/v2\/users\/1"}],"replies":[{"embeddable":true,"href":"https:\/\/www.aspirarecruitment.cz\/en\/wp-json\/wp\/v2\/comments?post=982"}],"version-history":[{"count":2,"href":"https:\/\/www.aspirarecruitment.cz\/en\/wp-json\/wp\/v2\/pages\/982\/revisions"}],"predecessor-version":[{"id":5734,"href":"https:\/\/www.aspirarecruitment.cz\/en\/wp-json\/wp\/v2\/pages\/982\/revisions\/5734"}],"wp:attachment":[{"href":"https:\/\/www.aspirarecruitment.cz\/en\/wp-json\/wp\/v2\/media?parent=982"}],"wp:term":[{"taxonomy":"dipi_cpt_category","embeddable":true,"href":"https:\/\/www.aspirarecruitment.cz\/en\/wp-json\/wp\/v2\/dipi_cpt_category?post=982"}],"curies":[{"name":"wp","href":"https:\/\/api.w.org\/{rel}","templated":true}]}}